{"id":50530,"date":"2024-04-30T15:12:37","date_gmt":"2024-04-30T15:12:37","guid":{"rendered":"https:\/\/ginesifill.es\/privacitat\/"},"modified":"2024-07-10T15:41:40","modified_gmt":"2024-07-10T15:41:40","slug":"confidentialite","status":"publish","type":"page","link":"https:\/\/ginesifill.es\/fr\/confidentialite\/","title":{"rendered":"Politique de Confidentialit\u00e9"},"content":{"rendered":"\n\t<section class=\"section\" id=\"section_17862588\">\n\t\t<div class=\"section-bg fill\" >\n\t\t\t\t\t\t\t\t\t\n\t\t\t\n\n\t\t<\/div>\n\n\t\t\n\n\t\t<div class=\"section-content relative\">\n\t\t\t\n<div class=\"row\"  id=\"row-244782491\">\n\n\t<div id=\"col-542125594\" class=\"col small-12 large-12\"  >\n\t\t\t\t<div class=\"col-inner\"  >\n\t\t\t\n\t\t\t\n<div class=\"global_content_wrapper page_default \">\n<article id=\"post-526\" class=\"post-526 page type-page status-publish hentry\">\n<div class=\"entry-content\">\n<div class=\"content_wrapper\">\n<div id=\"row-245946007\" class=\"row\">\n<div id=\"col-510416353\" class=\"col small-12 large-12\">\n<div class=\"col-inner\">\n<h1 class=\"entry-title\">Politique de Confidentialit\u00e9<\/h1>\n<\/div>\n<\/div>\n<\/div>\n<h2 class=\"wp-block-heading\">1. Protection des donn\u00e9es<\/h2>\n<p><em>EMPRESA CONSTRUCTORA GIN\u00c9S I FILL, S.L.<\/em> prend tr\u00e8s au s\u00e9rieux la protection de vos donn\u00e9es personnelles. Nous traitons vos donn\u00e9es personnelles de mani\u00e8re confidentielle et conform\u00e9ment aux dispositions l\u00e9gales en mati\u00e8re de protection des donn\u00e9es et \u00e0 la pr\u00e9sente d\u00e9claration de protection des donn\u00e9es.<\/p>\n<p>L\u2019utilisation de notre site est possible sans fournir de donn\u00e9es personnelles. Dans la mesure o\u00f9 des donn\u00e9es personnelles (par exemple le nom, l\u2019adresse ou l\u2019adresse e-mail) sont collect\u00e9es sur notre site afin de vous permettre de b\u00e9n\u00e9ficier d\u2019un abonnement, cela se fait toujours sur une base volontaire. Ces donn\u00e9es ne sont pas transmises \u00e0 des tiers. Nous attirons votre attention sur le fait que la transmission de donn\u00e9es sur Internet (par exemple la communication par e-mail) peut pr\u00e9senter des failles de s\u00e9curit\u00e9. Une protection compl\u00e8te des donn\u00e9es contre l\u2019acc\u00e8s par des tiers n\u2019est pas possible.<\/p>\n<h2 class=\"wp-block-heading\">2. Collecte de donn\u00e9es personnelles<\/h2>\n<p>Nous ne collectons des donn\u00e9es personnelles que si elles sont n\u00e9cessaires \u00e0 la fourniture du service sp\u00e9cifique.<br \/>\nVous pouvez visiter notre site sans fournir d\u2019informations personnelles. Nous ne conservons que les donn\u00e9es d\u2019acc\u00e8s sans r\u00e9f\u00e9rence personnelle comme le nom de votre fournisseur d\u2019acc\u00e8s Internet, la page \u00e0 partir de laquelle vous nous visitez ou le nom du fichier demand\u00e9. Ces donn\u00e9es sont \u00e9valu\u00e9es exclusivement pour l\u2019am\u00e9lioration de notre site et ne permettent aucune conclusion sur votre identit\u00e9.<\/p>\n<p>Les donn\u00e9es personnelles relatives \u00e0 l\u2019identit\u00e9 d\u2019un abonn\u00e9, telles que le nom, l\u2019adresse, l\u2019adresse postale, le num\u00e9ro de t\u00e9l\u00e9phone ou l\u2019adresse e-mail ne sont collect\u00e9es sur notre site Internet que si vous les fournissez volontairement lorsque vous vous inscrivez pour un abonnement via le formulaire de contact du site Internet ou d\u2019une autre mani\u00e8re, par exemple par e-mail.<\/p>\n<h2 class=\"wp-block-heading\">3. Utilisation des donn\u00e9es personnelles<\/h2>\n<p><strong><em>A. Champs obligatoires et informations facultatives<\/em><\/strong>Veuillez noter qu\u2019il y a des champs obligatoires pour toute collecte de donn\u00e9es via le site Web. Celles-ci sont marqu\u00e9es d\u2019un ast\u00e9risque, une entr\u00e9e est n\u00e9cessaire pour traiter votre demande.<br \/>\nToutes les autres informations sont facultatives. Si vous fournissez \u00e9galement des informations dans les autres champs, celles-ci seront \u00e9valu\u00e9es \u00e0 des fins statistiques et pour am\u00e9liorer notre offre.<\/p>\n<p><strong><em>B. Ad\u00e9quation<\/em><\/strong>Les donn\u00e9es personnelles que vous nous transmettez seront utilis\u00e9es aux fins pour lesquelles vous nous les avez envoy\u00e9es. Il s\u2019agit notamment du traitement de votre demande pour l\u2019envoi de notre lettre d\u2019information ou d\u2019informations sp\u00e9cifiques et l\u2019acc\u00e8s \u00e0 des documents.<\/p>\n<p><strong><em>C. Utilisation \u00e0 d\u2019autres fins, en particulier \u00e0 des fins publicitaires<\/em><\/strong>Nous n\u2019exploitons aucune donn\u00e9e re\u00e7ue \u00e0 des fins publicitaires.<\/p>\n<h2 class=\"wp-block-heading\">4. Transmission de donn\u00e9es personnelles \u00e0 des tiers<\/h2>\n<p>Vos donn\u00e9es ne seront pas transmises \u00e0 moins que nous ne soyons l\u00e9galement oblig\u00e9s de le faire (par exemple demande d\u2019une autorit\u00e9 d\u2019enqu\u00eate) ou autoris\u00e9s (par exemple dans le cadre du traitement des donn\u00e9es de commande) ou que vous n\u2019ayez express\u00e9ment consenti \u00e0 leur transmission \u00e0 des tiers.<br \/>\nEn particulier, les donn\u00e9es sont transmises \u00e0 des tiers si cela est n\u00e9cessaire pour l\u2019ex\u00e9cution et le traitement du contrat. Ces tiers sont bien entendu tenus de prot\u00e9ger vos donn\u00e9es et de ne les utiliser que dans le but pr\u00e9cis qui leur est assign\u00e9. En outre, ils sont tenus de traiter les donn\u00e9es conform\u00e9ment \u00e0 cette d\u00e9claration de protection des donn\u00e9es et \u00e0 la situation juridique applicable.<\/p>\n<h2 class=\"wp-block-heading\">5. Droit \u00e0 l\u2019information, \u00e0 l\u2019effacement, au blocage<\/h2>\n<p>Vous avez le droit d\u2019obtenir gratuitement et \u00e0 tout moment des informations sur vos donn\u00e9es personnelles stock\u00e9es, leur origine et leurs destinataires et la finalit\u00e9 du traitement des donn\u00e9es, ainsi qu\u2019un droit de rectification, de blocage ou de suppression de ces donn\u00e9es.<\/p>\n<p>A l\u2019aide de vos codes d\u2019acc\u00e8s, vous pouvez y acc\u00e9der et les modifier en tous temps. Si vous souhaitez supprimer d\u00e9finitivement vos donn\u00e9es personnelles de notre base de donn\u00e9e, il vous suffit de nous le demander \u00e0 l\u2019aide de notre formulaire de contact, accessible pour tous nos abonn\u00e9s.<\/p>\n<h2 class=\"wp-block-heading\">6. S\u00e9curit\u00e9 des donn\u00e9es<\/h2>\n<p>Vos donn\u00e9es personnelles, qui sont \u00e9chang\u00e9es avec nous via le site Web, sont g\u00e9n\u00e9ralement transmises sous forme crypt\u00e9e, ce qui correspond \u00e0 l\u2019\u00e9tat actuel de la technique. Nous prot\u00e9geons notre site Web et d\u2019autres syst\u00e8mes par des mesures techniques et organisationnelles contre la perte, la destruction, l\u2019acc\u00e8s, la modification ou la distribution de vos donn\u00e9es par des personnes non autoris\u00e9es.<\/p>\n<h2 class=\"wp-block-heading\">7. Utilisation de cookies<\/h2>\n<p>Veuillez consulter notre\u00a0<a href=\"\/fr\/cookies\/\" rel=\"nofollow\">politique des cookies<\/a>\u00a0pour savoir de quelle fa\u00e7on vous pouvez r\u00e9gler vos param\u00e8tres concernant les cookies et pour obtenir des informations d\u00e9taill\u00e9es sur les cookies que nous utilisons et l\u2019usage que nous en faisons.<\/p>\n<h2 class=\"wp-block-heading\">8. Consentements<\/h2>\n<p>Vous trouverez ci-dessous la formulation exacte de votre consentement \u00e0 la protection des donn\u00e9es, dans la mesure o\u00f9 vous avez donn\u00e9 votre consentement :<\/p>\n<p>Oui, je confirme que j\u2019ai pris connaissance et compris\u00a0<strong>votre politique de confidentialit\u00e9<\/strong> et donne mon consentement expr\u00e8s \u00e0 ce que mes donn\u00e9es personnelles transmises \u00e0 <em>EMPRESA CONSTRUCTORA GIN\u00c9S I FILL, S.L.<\/em> soient trait\u00e9es par celle-ci dans le cadre exclusif de ma demande d\u2019abonnement. Je sais que je peux \u00e0 tout moment r\u00e9voquer mon consentement avec effet imm\u00e9diat pour l\u2019avenir par e-mail \u00e0 <em>comercial@ginesifill.es<\/em><\/p>\n<h2 class=\"wp-block-heading\">9. R\u00e9f\u00e9rences \u00e0 des liens externes<\/h2>\n<p>Les sites Web contiennent des liens vers des sites Web de tiers (\u00ab liens externes \u00bb), sur le contenu et la conception desquels <em>EMPRESA CONSTRUCTORA GIN\u00c9S I FILL, S.L.<\/em> n\u2019a aucune influence. L\u2019exploitant du site li\u00e9 est seul responsable du contenu et de l\u2019exactitude des informations qui y sont fournies. Au moment de l\u2019\u00e9tablissement du lien, <em>EMPRESA CONSTRUCTORA GIN\u00c9S I FILL, S.L.<\/em>\u00a0n\u2019avait connaissance d\u2019aucune violation de la loi. <em>EMPRESA CONSTRUCTORA GIN\u00c9S I FILL, S.L.<\/em>\u00a0n\u2019a aucune influence sur le contenu actuel et futur des sites Web li\u00e9s. La mise en place de liens externes ne signifie pas que <em>EMPRESA CONSTRUCTORA GIN\u00c9S I FILL, S.L.<\/em> adopte les contenus de tiers qui peuvent \u00eatre appel\u00e9s sous les liens comme \u00e9tant les siens. On ne peut raisonnablement attendre de <em>EMPRESA CONSTRUCTORA GIN\u00c9S I FILL, S.L.<\/em>\u00a0qu\u2019il v\u00e9rifie et examine les liens externes sans preuve concr\u00e8te d\u2019\u00e9ventuelles violations de la loi. Toutefois, si nous prenons connaissance de violations de la loi, ces liens externes seront imm\u00e9diatement supprim\u00e9s.<\/p>\n<h2 class=\"wp-block-heading\">10 Modifications de la r\u00e9glementation en mati\u00e8re de protection des donn\u00e9es<\/h2>\n<p>De nouvelles r\u00e8gles de protection des donn\u00e9es s\u2019appliquent aux futurs contacts avec <em>EMPRESA CONSTRUCTORA GIN\u00c9S I FILL, S.L.<\/em>. Les anciennes dispositions relatives \u00e0 la protection des donn\u00e9es continuent de s\u2019appliquer aux donn\u00e9es d\u00e9j\u00e0 stock\u00e9es, \u00e0 moins que la loi ne le permette pas.<\/p>\n<\/div>\n<\/div>\n<\/article>\n<\/div>\n\t\t<\/div>\n\t\t\t\t\t<\/div>\n\n\t\n<\/div>\n\t\t<\/div>\n\n\t\t\n<style>\n#section_17862588 {\n  padding-top: 30px;\n  padding-bottom: 30px;\n}\n<\/style>\n\t<\/section>\n\t\n","protected":false},"excerpt":{"rendered":"","protected":false},"author":1,"featured_media":0,"parent":0,"menu_order":0,"comment_status":"closed","ping_status":"closed","template":"","meta":{"footnotes":""},"class_list":["post-50530","page","type-page","status-publish","hentry"],"_links":{"self":[{"href":"https:\/\/ginesifill.es\/fr\/wp-json\/wp\/v2\/pages\/50530"}],"collection":[{"href":"https:\/\/ginesifill.es\/fr\/wp-json\/wp\/v2\/pages"}],"about":[{"href":"https:\/\/ginesifill.es\/fr\/wp-json\/wp\/v2\/types\/page"}],"author":[{"embeddable":true,"href":"https:\/\/ginesifill.es\/fr\/wp-json\/wp\/v2\/users\/1"}],"replies":[{"embeddable":true,"href":"https:\/\/ginesifill.es\/fr\/wp-json\/wp\/v2\/comments?post=50530"}],"version-history":[{"count":6,"href":"https:\/\/ginesifill.es\/fr\/wp-json\/wp\/v2\/pages\/50530\/revisions"}],"predecessor-version":[{"id":50573,"href":"https:\/\/ginesifill.es\/fr\/wp-json\/wp\/v2\/pages\/50530\/revisions\/50573"}],"wp:attachment":[{"href":"https:\/\/ginesifill.es\/fr\/wp-json\/wp\/v2\/media?parent=50530"}],"curies":[{"name":"wp","href":"https:\/\/api.w.org\/{rel}","templated":true}]}}