{"id":48482,"date":"2023-12-30T13:56:57","date_gmt":"2023-12-30T13:56:57","guid":{"rendered":"https:\/\/ginesifill.es\/contacte\/"},"modified":"2024-11-05T17:42:53","modified_gmt":"2024-11-05T17:42:53","slug":"contact","status":"publish","type":"page","link":"https:\/\/ginesifill.es\/fr\/contact\/","title":{"rendered":"Contact"},"content":{"rendered":"\n\t<section class=\"section has-parallax\" id=\"section_1805762444\">\n\t\t<div class=\"section-bg fill\" data-parallax-container=\".section\" data-parallax-background data-parallax=\"-5\">\n\t\t\t<img loading=\"lazy\" decoding=\"async\" width=\"810\" height=\"574\" src=\"https:\/\/ginesifill.es\/wp-content\/uploads\/2024\/05\/marcin-gosz-ax4zKjAatEA-unsplash-Large-lores.jpg\" class=\"bg attachment- size-\" alt=\"\" \/>\t\t\t\t\t\t<div class=\"section-bg-overlay absolute fill\"><\/div>\n\t\t\t\n\n\t\t<\/div>\n\n\t\t\n\n\t\t<div class=\"section-content relative\">\n\t\t\t\n<div class=\"row row-full-width align-middle align-center\"  id=\"row-1768159303\">\n\n\t<div id=\"col-1629595973\" class=\"col medium-8 small-12 large-9\"  >\n\t\t\t\t<div class=\"col-inner text-center\"  >\n\t\t\t\n\t\t\t\n\t<div id=\"text-3321030215\" class=\"text\">\n\t\t\n<h4 class=\"uppercase\"><em><strong>EMPRESA CONSTRUCTORA<br \/>\n<span style=\"font-size: 150%;\">GIN\u00c9S I FILL<\/span><\/strong><\/em><\/h4>\n<p style=\"text-align: justify;\"><em>est une entreprise familiale situ\u00e9e dans la ville c\u00f4ti\u00e8re de L&rsquo;Escala (Alt Empord\u00e0). D\u00e9di\u00e9 depuis plus de 50 ans \u00e0 satisfaire les demandes les plus exigeantes de ses clients en termes de travaux, de construction et de tout type de r\u00e9formes.<\/em><\/p>\n\t\t\n<style>\n#text-3321030215 {\n  font-size: 1.3rem;\n  text-align: center;\n  color: rgb(255,255,255);\n}\n#text-3321030215 > * {\n  color: rgb(255,255,255);\n}\n<\/style>\n\t<\/div>\n\t\n\t\t<\/div>\n\t\t\t\t\t<\/div>\n\n\t\n<\/div>\n<div class=\"row\"  id=\"row-1896020571\">\n\n\t<div id=\"col-1561964028\" class=\"col small-12 large-12\"  >\n\t\t\t\t<div class=\"col-inner\"  >\n\t\t\t\n\t\t\t\n\t<div id=\"text-161568784\" class=\"text\">\n\t\t\n<p><strong><em>\u00ab\u00a0La confiance ne s\u2019ach\u00e8te ni ne se vend, elle se gagne simplement\u00a0\u00bb.<br \/>\n<\/em><\/strong><em><strong>Joan L\u00f3pez<\/strong>\u00a0&amp;\u00a0<strong>David L\u00f3pez<\/strong><\/em><br \/>\n\t\t\n<style>\n#text-161568784 {\n  font-size: 1.2rem;\n  text-align: center;\n  color: rgb(255,255,255);\n}\n#text-161568784 > * {\n  color: rgb(255,255,255);\n}\n<\/style>\n\t<\/div>\n\t\n\t\t<\/div>\n\t\t\t\t\t<\/div>\n\n\t\n<\/div>\n\t\t<\/div>\n\n\t\t\n<style>\n#section_1805762444 {\n  padding-top: 100px;\n  padding-bottom: 100px;\n  min-height: 700px;\n}\n#section_1805762444 .section-bg-overlay {\n  background-color: rgba(0,0,0,.5);\n}\n#section_1805762444 .section-bg img {\n  object-position: 0% 98%;\n}\n<\/style>\n\t<\/section>\n\t\n\n\t<section class=\"section has-parallax\" id=\"section_325672737\">\n\t\t<div class=\"section-bg fill\" data-parallax-container=\".section\" data-parallax-background data-parallax=\"-5\">\n\t\t\t<img loading=\"lazy\" decoding=\"async\" width=\"1920\" height=\"1440\" src=\"https:\/\/ginesifill.es\/wp-content\/uploads\/2024\/06\/gines-oficina-lores.jpg\" class=\"bg attachment- size-\" alt=\"\" \/>\t\t\t\t\t\t<div class=\"section-bg-overlay absolute fill\"><\/div>\n\t\t\t\n\n\t\t<\/div>\n\n\t\t\n\n\t\t<div class=\"section-content relative\">\n\t\t\t\n<div class=\"row row-full-width align-right\"  id=\"row-1539305303\">\n\n\t<div id=\"col-111838567\" class=\"col medium-6 small-12 large-4\"  >\n\t\t\t\t<div class=\"col-inner dark\" style=\"background-color:rgba(96, 10, 10, 0.86);\" >\n\t\t\t\n\t\t\t\n\t<div id=\"text-544127703\" class=\"text\">\n\t\t\n<p style=\"text-align: left;\"><strong><em>EMPRESA CONSTRUCTORA<br \/>\n<span style=\"font-size: 150%;\">GIN\u00c9S i FILL<\/span><\/em><\/strong><\/p>\n<p style=\"text-align: left;\"><i class=\"fa fa-map-marker\"><\/i> PASSEIG DEL MAR, 10<br \/>\n<i class=\"fa fa-phone\"><\/i>+34 972 77 45 55<br \/>\n<i class=\"fa fa-phone\"><\/i>+34 686 954 639 \/ +34 659 513 136<br \/>\n<i class=\"fa fa-envelope\"><\/i> comercial@ginesifill.es<br \/>\n<a href=\"https:\/\/maps.app.goo.gl\/NyL55GcHDXjZnqck7\" target=\"_blank\" rel=\"noopener\"><img loading=\"lazy\" decoding=\"async\" class=\"alignleft wp-image-49864\" src=\"https:\/\/ginesifill.es\/wp-content\/uploads\/2024\/06\/logo_google_maps.png\" alt=\"\" width=\"144\" height=\"72\" \/><\/a><\/p>\n\t\t\n<style>\n#text-544127703 {\n  font-size: 1.35rem;\n}\n<\/style>\n\t<\/div>\n\t\n\t\t<\/div>\n\t\t\t\t\n<style>\n#col-111838567 > .col-inner {\n  padding: 40px 30px 0px 30px;\n}\n@media (min-width:550px) {\n  #col-111838567 > .col-inner {\n    padding: 40px 30px 10px 30px;\n  }\n}\n@media (min-width:850px) {\n  #col-111838567 > .col-inner {\n    padding: 40px 30px 60px 30px;\n  }\n}\n<\/style>\n\t<\/div>\n\n\t\n<\/div>\n\t\t<\/div>\n\n\t\t\n<style>\n#section_325672737 {\n  padding-top: 30px;\n  padding-bottom: 30px;\n  min-height: 700px;\n}\n#section_325672737 .section-bg-overlay {\n  background-color: rgba(0, 0, 0, 0.209);\n}\n#section_325672737 .section-bg img {\n  object-position: 100% 45%;\n}\n<\/style>\n\t<\/section>\n\t\n\n\t<section class=\"section has-parallax\" id=\"section_619304958\">\n\t\t<div class=\"section-bg fill\" data-parallax-container=\".section\" data-parallax-background data-parallax=\"-10\">\n\t\t\t<img loading=\"lazy\" decoding=\"async\" width=\"1440\" height=\"1080\" src=\"https:\/\/ginesifill.es\/wp-content\/uploads\/2024\/05\/lescala-platja.jpg\" class=\"bg attachment- size-\" alt=\"\" \/>\t\t\t\t\t\t<div class=\"section-bg-overlay absolute fill\"><\/div>\n\t\t\t\n\n\t\t<\/div>\n\n\t\t\n\n\t\t<div class=\"section-content relative\">\n\t\t\t\n<div class=\"row row-full-width align-center\"  id=\"row-1649409251\">\n\n\t<div id=\"col-1684677048\" class=\"col medium-9 small-12 large-7\"  >\n\t\t\t\t<div class=\"col-inner text-left dark\" style=\"background-color:rgba(255, 255, 255, 0);\" >\n\t\t\t\n\t<div class=\"is-border\"\n\t\tstyle=\"border-width:2px 2px 2px 2px;\">\n\t<\/div>\n\t\t\t\n\t<div id=\"text-3744473737\" class=\"text\">\n\t\t\n<h2>Envoyez-nous un message<\/h2>\n\t\t\n<style>\n#text-3744473737 {\n  color: rgb(255,255,255);\n}\n#text-3744473737 > * {\n  color: rgb(255,255,255);\n}\n<\/style>\n\t<\/div>\n\t\n<div class=\"wpforms-container wpforms-container-full wpforms-transp wpforms-render-modern\" id=\"wpforms-51066\"><form id=\"wpforms-form-51066\" class=\"wpforms-validate wpforms-form wpforms-ajax-form\" data-formid=\"51066\" method=\"post\" enctype=\"multipart\/form-data\" action=\"\/fr\/wp-json\/wp\/v2\/pages\/48482\" data-token=\"400368d19adc6d870d0b08b79a1870be\" data-token-time=\"1775972189\"><noscript class=\"wpforms-error-noscript\">Veuillez activer JavaScript dans votre navigateur pour remplir ce formulaire.<\/noscript><div class=\"wpforms-hidden\" id=\"wpforms-error-noscript\">Veuillez activer JavaScript dans votre navigateur pour remplir ce formulaire.<\/div><div class=\"wpforms-field-container\"><div id=\"wpforms-51066-field_1-container\" class=\"wpforms-field wpforms-field-name\" data-field-id=\"1\"><label class=\"wpforms-field-label wpforms-label-hide\" for=\"wpforms-51066-field_1\" aria-hidden=\"false\">Nom <span class=\"wpforms-required-label\" aria-hidden=\"true\">*<\/span><\/label><input type=\"text\" id=\"wpforms-51066-field_1\" class=\"wpforms-field-medium wpforms-field-required\" name=\"wpforms[fields][1]\" placeholder=\"Nom\" aria-errormessage=\"wpforms-51066-field_1-error\" required><\/div><div id=\"wpforms-51066-field_2-container\" class=\"wpforms-field wpforms-field-email\" data-field-id=\"2\"><label class=\"wpforms-field-label wpforms-label-hide\" for=\"wpforms-51066-field_2\" aria-hidden=\"false\">email <span class=\"wpforms-required-label\" aria-hidden=\"true\">*<\/span><\/label><input type=\"email\" id=\"wpforms-51066-field_2\" class=\"wpforms-field-medium wpforms-field-required\" name=\"wpforms[fields][2]\" placeholder=\"addresse mail\" spellcheck=\"false\" aria-errormessage=\"wpforms-51066-field_2-error\" required><\/div><div id=\"wpforms-51066-field_3-container\" class=\"wpforms-field wpforms-field-textarea\" data-field-id=\"3\"><label class=\"wpforms-field-label wpforms-label-hide\" for=\"wpforms-51066-field_3\" aria-hidden=\"false\">Comentari o missatge<\/label><textarea id=\"wpforms-51066-field_3\" class=\"wpforms-field-medium\" name=\"wpforms[fields][3]\" placeholder=\"Message\" aria-errormessage=\"wpforms-51066-field_3-error\" ><\/textarea><\/div><div id=\"wpforms-51066-field_4-container\" class=\"wpforms-field wpforms-field-checkbox\" data-field-id=\"4\"><fieldset><legend class=\"wpforms-field-label wpforms-label-hide\" aria-hidden=\"false\">Caselles de selecci\u00f3 <span class=\"wpforms-required-label\" aria-hidden=\"true\">*<\/span><\/legend><ul id=\"wpforms-51066-field_4\" class=\"wpforms-field-required\"><li class=\"choice-1 depth-1\"><input type=\"checkbox\" id=\"wpforms-51066-field_4_1\" name=\"wpforms[fields][4][]\" value=\"* J&#039;ai lu et Accepte la &lt;a href=&quot;\/fr\/confidentialite\/&quot; target=&quot;_blank&quot; rel=&quot;nofollow noreferrer noopener&quot;&gt;Politique de Confidentialit\u00e9&lt;\/a&gt;\" aria-errormessage=\"wpforms-51066-field_4_1-error\" required ><label class=\"wpforms-field-label-inline\" for=\"wpforms-51066-field_4_1\">* J'ai lu et Accepte la <a href=\"\/fr\/confidentialite\/\" target=\"_blank\" rel=\"nofollow noreferrer noopener\">Politique de Confidentialit\u00e9<\/a><\/label><\/li><\/ul><\/fieldset><\/div><div id=\"wpforms-51066-field_5-container\" class=\"wpforms-field wpforms-field-checkbox\" data-field-id=\"5\"><fieldset><legend class=\"wpforms-field-label wpforms-label-hide\" aria-hidden=\"false\">Caselles de selecci\u00f3<\/legend><ul id=\"wpforms-51066-field_5\"><li class=\"choice-1 depth-1\"><input type=\"checkbox\" id=\"wpforms-51066-field_5_1\" name=\"wpforms[fields][5][]\" value=\"Je souhaite recevoir occasionnellement des informations commerciales de GINES i FILL par mail\" aria-errormessage=\"wpforms-51066-field_5_1-error\"  ><label class=\"wpforms-field-label-inline\" for=\"wpforms-51066-field_5_1\">Je souhaite recevoir occasionnellement des informations commerciales de GINES i FILL par mail<\/label><\/li><\/ul><\/fieldset><\/div><\/div><!-- .wpforms-field-container --><div class=\"wpforms-recaptcha-container wpforms-is-recaptcha wpforms-is-recaptcha-type-v3\" ><input type=\"hidden\" name=\"wpforms[recaptcha]\" value=\"\"><\/div><div class=\"wpforms-submit-container\" ><input type=\"hidden\" name=\"wpforms[id]\" value=\"51066\"><input type=\"hidden\" name=\"page_title\" value=\"\"><input type=\"hidden\" name=\"page_url\" value=\"https:\/\/ginesifill.es\/fr\/wp-json\/wp\/v2\/pages\/48482\"><button type=\"submit\" name=\"wpforms[submit]\" id=\"wpforms-submit-51066\" class=\"wpforms-submit\" data-alt-text=\"En train d&#039;envoyer le message...\" data-submit-text=\"Envoyer\" aria-live=\"assertive\" value=\"wpforms-submit\">Envoyer<\/button><img loading=\"lazy\" decoding=\"async\" src=\"https:\/\/ginesifill.es\/wp-content\/plugins\/wpforms-lite\/assets\/images\/submit-spin.svg\" class=\"wpforms-submit-spinner\" style=\"display: none;\" width=\"26\" height=\"26\" alt=\"Chargement en cours\"><\/div><\/form><\/div>  <!-- .wpforms-container -->\n\t\t<\/div>\n\t\t\t\t\n<style>\n#col-1684677048 > .col-inner {\n  padding: 50px 20px 0px 20px;\n}\n<\/style>\n\t<\/div>\n\n\t\n\n<style>\n#row-1649409251 > .col > .col-inner {\n  background-color: rgb(139, 139, 139);\n}\n<\/style>\n<\/div>\n\t\t<\/div>\n\n\t\t\n<style>\n#section_619304958 {\n  padding-top: 100px;\n  padding-bottom: 100px;\n}\n#section_619304958 .section-bg-overlay {\n  background-color: rgba(0, 0, 0, 0.616);\n}\n<\/style>\n\t<\/section>\n\t\n\n\t<script type=\"text\/javascript\">\n  jQuery( document ).ready(function() {\n    function initialize() {\n        var styles = {\n            'flatsome':  [{\n            \"featureType\": \"administrative\",\n            \"stylers\": [\n              { \"visibility\": \"on\" }\n            ]\n          },\n          {\n            \"featureType\": \"road\",\n            \"stylers\": [\n              { \"visibility\": \"on\" },\n              { \"hue\": \"\" }\n            ]\n          },\n          {\n            \"stylers\": [\n\t\t\t  { \"visibility\": \"on\" },\n\t\t\t  { \"hue\": \"\" },\n\t\t\t  { \"saturation\": -30 }\n            ]\n          }\n        ]};\n\n        var myLatlng = new google.maps.LatLng(42.1249, 3.133);\n        var myOptions = {\n            zoom: 16,\n            center: myLatlng,\n            mapTypeId: google.maps.MapTypeId.ROADMAP,\n            disableDefaultUI: true,\n            mapTypeId: 'flatsome',\n            draggable: true,\n            zoomControl: false,\n            zoomControlOptions: {\n              position: google.maps.ControlPosition.TOP_LEFT\n            },\n      \t\t\tmapTypeControl: false,\n            mapTypeControlOptions: {\n              position: google.maps.ControlPosition.TOP_LEFT\n            },\n      \t\t\tstreetViewControl: false,\n            streetViewControlOptions: {\n              position: google.maps.ControlPosition.TOP_LEFT\n            },\n            scrollwheel: false,\n            disableDoubleClickZoom: true\n        }\n        var map = new google.maps.Map(document.getElementById(\"map-199597454-inner\"), myOptions);\n        var styledMapType = new google.maps.StyledMapType(styles['flatsome'], {name: 'flatsome'});\n        map.mapTypes.set('flatsome', styledMapType);\n\n        var marker = new google.maps.Marker({\n            position: myLatlng,\n            map: map,\n            title:\"\"\n        });\n    }\n\n    \/\/ Required to proceed\n    if (!(typeof google === 'object' && typeof google.maps === 'object')) {\n      return\n    }\n\n    initialize()\n    google.maps.event.addDomListener(window, 'resize', initialize);\n    });\n    <\/script>\n\n    <div class=\"google-map relative mb\" id=\"map-199597454\">\n        <div class=\"map-height\" id=\"map-199597454-inner\"><\/div>\n        <div id=\"map_overlay_top\"><\/div>\n        <div id=\"map_overlay_bottom\"><\/div>\n                  <div class=\"map_inner map-inner last-reset absolute x100 md-x95 lg-x95 y100 md-y95 lg-y95\">\n              \n<p><i class=\"fa fa-map-marker\"><\/i>\u00a0PASSEIG DEL MAR, 10<br \/>\n<i class=\"fa fa-phone\"><\/i>\u00a0972 77 45 55<br \/>\n<i class=\"fa fa-phone\"><\/i> 686 954 639 \/ 659 513 136<br \/>\nL&rsquo;ESCALA &#8211; Costa Brava<\/p>\n         <\/div>\n       \n       \n<style>\n#map-199597454 .map-inner {\n  background-color: #fff;\n  max-width: 100%;\n}\n#map-199597454 .map-height {\n  height: 400px;\n}\n@media (min-width:550px) {\n  #map-199597454 .map-inner {\n    max-width: 40%;\n  }\n}\n@media (min-width:850px) {\n  #map-199597454 .map-inner {\n    max-width: 30%;\n  }\n}\n<\/style>\n    <\/div>\n\n\t\n","protected":false},"excerpt":{"rendered":"","protected":false},"author":1,"featured_media":0,"parent":0,"menu_order":0,"comment_status":"closed","ping_status":"closed","template":"","meta":{"footnotes":""},"class_list":["post-48482","page","type-page","status-publish","hentry"],"_links":{"self":[{"href":"https:\/\/ginesifill.es\/fr\/wp-json\/wp\/v2\/pages\/48482"}],"collection":[{"href":"https:\/\/ginesifill.es\/fr\/wp-json\/wp\/v2\/pages"}],"about":[{"href":"https:\/\/ginesifill.es\/fr\/wp-json\/wp\/v2\/types\/page"}],"author":[{"embeddable":true,"href":"https:\/\/ginesifill.es\/fr\/wp-json\/wp\/v2\/users\/1"}],"replies":[{"embeddable":true,"href":"https:\/\/ginesifill.es\/fr\/wp-json\/wp\/v2\/comments?post=48482"}],"version-history":[{"count":10,"href":"https:\/\/ginesifill.es\/fr\/wp-json\/wp\/v2\/pages\/48482\/revisions"}],"predecessor-version":[{"id":51076,"href":"https:\/\/ginesifill.es\/fr\/wp-json\/wp\/v2\/pages\/48482\/revisions\/51076"}],"wp:attachment":[{"href":"https:\/\/ginesifill.es\/fr\/wp-json\/wp\/v2\/media?parent=48482"}],"curies":[{"name":"wp","href":"https:\/\/api.w.org\/{rel}","templated":true}]}}