{"id":40320,"date":"2021-03-29T17:34:50","date_gmt":"2021-03-29T17:34:50","guid":{"rendered":"https:\/\/ginesifill.es\/politica-de-privacidad\/"},"modified":"2024-07-10T15:06:04","modified_gmt":"2024-07-10T15:06:04","slug":"legal","status":"publish","type":"page","link":"https:\/\/ginesifill.es\/fr\/legal\/","title":{"rendered":"Mentions L\u00e9gales"},"content":{"rendered":"\n\t<section class=\"section\" id=\"section_1172225797\">\n\t\t<div class=\"section-bg fill\" >\n\t\t\t\t\t\t\t\t\t\n\t\t\t\n\n\t\t<\/div>\n\n\t\t\n\n\t\t<div class=\"section-content relative\">\n\t\t\t\n<div class=\"row\"  id=\"row-1909897790\">\n\n\t<div id=\"col-1435994733\" class=\"col small-12 large-12\"  >\n\t\t\t\t<div class=\"col-inner\"  >\n\t\t\t\n\t\t\t\n<h2>Mentions L\u00e9gales<\/h2>\n<p>Informations contact du proprietaire du site <em><strong>ginesifill.es<\/strong><\/em>:<\/p>\n<p>\u2013 Societ\u00e9: <em>EMPRESA CONSTRUCTORA GIN\u00c9S I FILL, S.L<\/em><br \/>\n\u2013 NIF: <em>B17391160<\/em><br \/>\n\u2013 Addresse: <em>PASSEIG DEL MAR, 10 &#8211; 17130 L&rsquo;ESCALA (Girona)<\/em><br \/>\n\u2013 T\u00e9l\u00e9phone: <em>+34 972774555<\/em><br \/>\n\u2013 addresse electronique: <em>comercial@ginesifill.es<\/em><\/p>\n<p>L\u2019utilisation du ce site internet ne conf\u00e8re aucun droit \u00e0 l\u2019Utilisateur.<\/p>\n<p>La reproduction de tout contenu de ce site sans le consentement de l\u2019auteur est interdite.<\/p>\n<p>Tous droits sont r\u00e9serv\u00e9s. Tout acc\u00e8s \u00e0 ce site est soumise aux conditions suivantes:<\/p>\n<p>\u2013\u00a0La modification du site ou de son contenu n\u2019est pas autoris\u00e9.<\/p>\n<p>\u2013\u00a0Le propri\u00e9taire du site n\u2019est pas responsable de l\u2019information qui peut \u00eatre obtenu gr\u00e2ce \u00e0 des liens vers des syst\u00e8mes externes qui ne d\u00e9pendent pas sur ce site.<\/p>\n<p>\u2013\u00a0Le propri\u00e9taire du site ne garantit pas que le site et le serveur sont exempts de virus et ne sont pas responsables des dommages caus\u00e9s par l\u2019acc\u00e8s au site Web ou par l\u2019inaccessibilit\u00e9.<\/p>\n<p>\u2013\u00a0L\u2019utilisation de ce site implique l\u2019acceptation pleine et sans r\u00e9serve des termes et conditions contenues dans la pr\u00e9sente notice l\u00e9gale acceptation.<\/p>\n<p>Le propri\u00e9taire du site fait tous les efforts pour maintenir l\u2019exactitude des informations d\u00e9taill\u00e9es sur son site Web. Toutefois, \u00e9tant donn\u00e9 la grande quantit\u00e9 d\u2019informations trait\u00e9es, il est pas responsable des erreurs ou des omissions. Le propri\u00e9taire du site pourra modifier sans pr\u00e9avis les informations publi\u00e9es sur son site Web comme par example les prix, les conditions, les descriptions et les photos. Les prixs ne sont pas contractuelles.<\/p>\n<p>Vous pouvez lire notre Politique de Confidentialit\u00e9\u00a0<a href=\"\/fr\/confidentialite\/\" rel=\"nofollow\">ici<\/a>.<\/p>\n<p>Vous pouvez lire notre Politique de Cookies\u00a0<a href=\"\/fr\/cookies\/\" rel=\"nofollow\">ici<\/a>.<\/p>\n\t\t<\/div>\n\t\t\t\t\t<\/div>\n\n\t\n<\/div>\n\t\t<\/div>\n\n\t\t\n<style>\n#section_1172225797 {\n  padding-top: 30px;\n  padding-bottom: 30px;\n}\n<\/style>\n\t<\/section>\n\t\n<p><!-- \/wp:paragraph --><\/p>\n","protected":false},"excerpt":{"rendered":"","protected":false},"author":1,"featured_media":0,"parent":0,"menu_order":0,"comment_status":"closed","ping_status":"closed","template":"","meta":{"footnotes":""},"class_list":["post-40320","page","type-page","status-publish","hentry"],"_links":{"self":[{"href":"https:\/\/ginesifill.es\/fr\/wp-json\/wp\/v2\/pages\/40320"}],"collection":[{"href":"https:\/\/ginesifill.es\/fr\/wp-json\/wp\/v2\/pages"}],"about":[{"href":"https:\/\/ginesifill.es\/fr\/wp-json\/wp\/v2\/types\/page"}],"author":[{"embeddable":true,"href":"https:\/\/ginesifill.es\/fr\/wp-json\/wp\/v2\/users\/1"}],"replies":[{"embeddable":true,"href":"https:\/\/ginesifill.es\/fr\/wp-json\/wp\/v2\/comments?post=40320"}],"version-history":[{"count":7,"href":"https:\/\/ginesifill.es\/fr\/wp-json\/wp\/v2\/pages\/40320\/revisions"}],"predecessor-version":[{"id":50554,"href":"https:\/\/ginesifill.es\/fr\/wp-json\/wp\/v2\/pages\/40320\/revisions\/50554"}],"wp:attachment":[{"href":"https:\/\/ginesifill.es\/fr\/wp-json\/wp\/v2\/media?parent=40320"}],"curies":[{"name":"wp","href":"https:\/\/api.w.org\/{rel}","templated":true}]}}