{"id":20119,"date":"2021-04-27T17:52:41","date_gmt":"2021-04-27T17:52:41","guid":{"rendered":"https:\/\/ginesifill.es\/?page_id=20119"},"modified":"2024-07-11T08:06:39","modified_gmt":"2024-07-11T08:06:39","slug":"cookies","status":"publish","type":"page","link":"https:\/\/ginesifill.es\/es\/cookies\/","title":{"rendered":"Pol\u00edtica de Cookies"},"content":{"rendered":"<div class=\"row\"  id=\"row-1050353294\">\n\n\t<div id=\"col-2118569716\" class=\"col small-12 large-12\"  >\n\t\t\t\t<div class=\"col-inner\"  >\n\t\t\t\n\t\t\t\n<h2>Pol\u00edtica de Cookies<\/h2>\n\t\t<\/div>\n\t\t\t\t\n<style>\n#col-2118569716 > .col-inner {\n  padding: 50px 0px 0px 0px;\n}\n<\/style>\n\t<\/div>\n\n\t\n<\/div>\n<div class=\"row\"  id=\"row-1785153043\">\n\n\t<div id=\"col-1582391859\" class=\"col small-12 large-12\"  >\n\t\t\t\t<div class=\"col-inner\"  >\n\t\t\t\n\t\t\t\n<h3><strong>Sobre esta pol\u00edtica de cookies<\/strong><\/h3>\n<p>Esta pol\u00edtica de cookies explica qu\u00e9 son las cookies y c\u00f3mo las usamos, los tipos de cookies que usamos, es decir, la informaci\u00f3n que recopilamos usando cookies y c\u00f3mo se usa esa informaci\u00f3n, y c\u00f3mo controlar las preferencias de cookies. Para obtener m\u00e1s informaci\u00f3n sobre c\u00f3mo usamos, almacenamos y mantenemos seguros sus datos personales, consulte nuestra Pol\u00edtica de privacidad.<\/p>\n<p>En cualquier momento puede cambiar o retirar su consentimiento de la Declaraci\u00f3n de cookies en nuestro sitio web.<br \/>\nObtenga m\u00e1s informaci\u00f3n sobre qui\u00e9nes somos, c\u00f3mo puede comunicarse con nosotros y c\u00f3mo procesamos los datos personales en nuestra Pol\u00edtica de privacidad.<br \/>\nSu consentimiento se aplica a los siguientes dominios: <em><strong>ginesifill.es<\/strong><\/em><br \/>\n<div class=\"cli_user_consent_state\">Tu estado actual: No se ha dado el consentimiento. <a class=\"cli_manage_current_consent\" style=\"cursor:pointer;text-decoration:underline;\">Gestiona tu consentimiento.<\/a> <\/div>\n<p><strong>\u00a0<\/strong><\/p>\n<h3><strong>\u00bfQu\u00e9 son las cookies?<\/strong><\/h3>\n<p>Las cookies son peque\u00f1os archivos de texto que se utilizan para almacenar peque\u00f1os fragmentos de informaci\u00f3n. Se almacenan en su dispositivo cuando el sitio web se carga en su navegador. Estas cookies nos ayudan a hacer que el sitio web funcione correctamente, hacerlo m\u00e1s seguro, brindar una mejor experiencia al usuario, comprender c\u00f3mo funciona el sitio web y analizar qu\u00e9 funciona y d\u00f3nde necesita mejorar.<\/p>\n<h3><strong>\u00bfC\u00f3mo usamos las cookies ?<\/strong><\/h3>\n<p>Como la mayor\u00eda de los servicios en l\u00ednea, nuestro sitio web utiliza cookies propias y de terceros para varios prop\u00f3sitos. Las cookies de origen son principalmente necesarias para que el sitio web funcione correctamente y no recopilan ninguno de sus datos de identificaci\u00f3n personal.<\/p>\n<p>Las cookies de terceros que se utilizan en nuestro sitio web son principalmente para comprender c\u00f3mo funciona el sitio web, c\u00f3mo interact\u00faa con nuestro sitio web, mantener nuestros servicios seguros, proporcionar anuncios que sean relevantes para usted y, en general, brindarle un usuario mejor y mejorado. experiencia y ayude a acelerar sus interacciones futuras con nuestro sitio web.<\/p>\n<h3><strong>\u00bfQu\u00e9 tipos de cookies utilizamos?<\/strong><\/h3>\n<p><strong><i>T\u00c9CNICAS<\/i><\/strong>: algunas cookies son esenciales para que pueda experimentar la funcionalidad completa de nuestro sitio. Nos permiten mantener las sesiones de los usuarios y prevenir cualquier amenaza a la seguridad. No recopilan ni almacenan ninguna informaci\u00f3n personal. Por ejemplo, estas cookies le permiten iniciar sesi\u00f3n en su cuenta y agregar productos a su carrito y realizar el pago de forma segura.<\/p>\n<p>Cookies <i>T\u00c9CNICAS <\/i>utilizadas en esta web:<br \/>\n<table class=\"cookielawinfo-row-cat-table cookielawinfo-winter\"><thead><tr><th class=\"cookielawinfo-column-1\">Cookie<\/th><th class=\"cookielawinfo-column-3\">Duraci\u00f3n<\/th><th class=\"cookielawinfo-column-4\">Descripci\u00f3n<\/th><\/tr><\/thead><tbody><tr class=\"cookielawinfo-row\"><td class=\"cookielawinfo-column-1\">_GRECAPTCHA<\/td><td class=\"cookielawinfo-column-3\">6 mesos<\/td><td class=\"cookielawinfo-column-4\">El servei Recaptcha de Google estableix aquesta galeta per identificar robots per protegir el lloc web contra atacs de correu brossa maliciosos.<\/td><\/tr><tr class=\"cookielawinfo-row\"><td class=\"cookielawinfo-column-1\">cookielawinfo-checkbox-analytics<\/td><td class=\"cookielawinfo-column-3\">11 meses<\/td><td class=\"cookielawinfo-column-4\">La cookie est\u00e1 establecida por el complemento GDPR Cookie Consent para recordar el consentimiento del usuario de las cookies categorizadas como \"Anal\u00edticas\".<\/td><\/tr><tr class=\"cookielawinfo-row\"><td class=\"cookielawinfo-column-1\">cookielawinfo-checkbox-functional<\/td><td class=\"cookielawinfo-column-3\">11 meses<\/td><td class=\"cookielawinfo-column-4\">La cookie est\u00e1 establecida por el complemento GDPR Cookie Consent. Se emplea para recordar el consentimiento del usuario de las cookies categorizadas como \"Funcionales\".<\/td><\/tr><tr class=\"cookielawinfo-row\"><td class=\"cookielawinfo-column-1\">cookielawinfo-checkbox-necessary<\/td><td class=\"cookielawinfo-column-3\">11 meses<\/td><td class=\"cookielawinfo-column-4\">La cookie est\u00e1 establecida por el complemento GDPR Cookie Consent. Se emplea para recordar el consentimiento del usuario de las cookies categorizadas como \"Obligatorias\".<\/td><\/tr><tr class=\"cookielawinfo-row\"><td class=\"cookielawinfo-column-1\">cookielawinfo-checkbox-others<\/td><td class=\"cookielawinfo-column-3\">11 meses<\/td><td class=\"cookielawinfo-column-4\">La cookie est\u00e1 establecida por el complemento GDPR Cookie Consent para recordar el consentimiento del usuario de las cookies categorizadas como \"Otras\".<\/td><\/tr><tr class=\"cookielawinfo-row\"><td class=\"cookielawinfo-column-1\">cookielawinfo-checkbox-performance<\/td><td class=\"cookielawinfo-column-3\">11 meses<\/td><td class=\"cookielawinfo-column-4\">La cookie est\u00e1 establecida por el complemento GDPR Cookie Consent. Se emplea para recordar el consentimiento del usuario de las cookies categorizadas como \"Rendimiento\".<\/td><\/tr><tr class=\"cookielawinfo-row\"><td class=\"cookielawinfo-column-1\">rc::a<\/td><td class=\"cookielawinfo-column-3\">persistent<\/td><td class=\"cookielawinfo-column-4\">Aquesta galeta la configura el servei de recaptcha de Google per identificar robots per protegir el lloc web d'atacs de correu brossa maliciosos.<\/td><\/tr><tr class=\"cookielawinfo-row\"><td class=\"cookielawinfo-column-1\">rc::b<\/td><td class=\"cookielawinfo-column-3\">sessi\u00f3<\/td><td class=\"cookielawinfo-column-4\">Aquesta galeta la configura el servei de recaptcha de Google per identificar robots per protegir el lloc web d'atacs de correu brossa maliciosos.<\/td><\/tr><tr class=\"cookielawinfo-row\"><td class=\"cookielawinfo-column-1\">rc::c<\/td><td class=\"cookielawinfo-column-3\">sessi\u00f3<\/td><td class=\"cookielawinfo-column-4\">Aquesta galeta la configura el servei de recaptcha de Google per identificar robots per protegir el lloc web d'atacs de correu brossa maliciosos.<\/td><\/tr><tr class=\"cookielawinfo-row\"><td class=\"cookielawinfo-column-1\">rc::f<\/td><td class=\"cookielawinfo-column-3\">persistent<\/td><td class=\"cookielawinfo-column-4\">Aquesta galeta la configura el servei de recaptcha de Google per identificar robots per protegir el lloc web d'atacs de correu brossa maliciosos.<\/td><\/tr><tr class=\"cookielawinfo-row\"><td class=\"cookielawinfo-column-1\">VISITOR_PRIVACY_METADATA<\/td><td class=\"cookielawinfo-column-3\">6 mesos<\/td><td class=\"cookielawinfo-column-4\">Aquesta cookie generada per Youtube s'utilitza per emmagatzemar el consentiment de l'usuari i les opcions de privadesa per a la seva interacci\u00f3 amb el lloc. Enregistra dades sobre el consentiment del visitant pel que fa a diverses pol\u00edtiques i configuracions de privadesa, assegurant que les seves prefer\u00e8ncies es compleixin en futures sessions.<\/td><\/tr><tr class=\"cookielawinfo-row\"><td class=\"cookielawinfo-column-1\">wp-wpml_current_language<\/td><td class=\"cookielawinfo-column-3\">1 d\u00eda<\/td><td class=\"cookielawinfo-column-4\">Cookie establecida por el complemento WPML. Guarda la configuraci\u00f3n de idioma.<\/td><\/tr><tr class=\"cookielawinfo-row\"><td class=\"cookielawinfo-column-1\">wpEmojiSettingsSupports<\/td><td class=\"cookielawinfo-column-3\">sessi\u00f3<\/td><td class=\"cookielawinfo-column-4\">WordPress estableix aquesta galeta quan un usuari interactua amb emojis en un lloc de WordPress. Ajuda a determinar si el navegador de l'usuari pot mostrar els emojis correctament.<\/td><\/tr><\/tbody><\/table>\n<p><strong><i>ANAL\u00edTICAS<\/i><\/strong>: estas cookies almacenan informaci\u00f3n como el n\u00famero de visitantes al sitio web, el n\u00famero de visitantes \u00fanicos, las p\u00e1ginas del sitio web que se han visitado, la fuente de la visita, etc. Estos datos nos ayudan a comprender y analizar el rendimiento del sitio web. y donde necesita mejorar.<\/p>\n<p>Cookies <i>ANAL\u00cdTICAS <\/i>utilizadas en esta web:<br \/>\n<table class=\"cookielawinfo-row-cat-table cookielawinfo-winter\"><thead><tr><th class=\"cookielawinfo-column-1\">Cookie<\/th><th class=\"cookielawinfo-column-3\">Duraci\u00f3n<\/th><th class=\"cookielawinfo-column-4\">Descripci\u00f3n<\/th><\/tr><\/thead><tbody><tr class=\"cookielawinfo-row\"><td class=\"cookielawinfo-column-1\">_ga<\/td><td class=\"cookielawinfo-column-3\">2 a\u00f1os<\/td><td class=\"cookielawinfo-column-4\">Cookie que recopila informaci\u00f3n de forma an\u00f3nima y elabora informes de tendencias de la web sin identificar a usuarios individuales. (Google analytics)<\/td><\/tr><tr class=\"cookielawinfo-row\"><td class=\"cookielawinfo-column-1\">_gat<\/td><td class=\"cookielawinfo-column-3\">1 d\u00eda<\/td><td class=\"cookielawinfo-column-4\">Cookie que recopila informaci\u00f3n de forma an\u00f3nima y elabora informes de tendencias de la web sin identificar a usuarios individuales. (Google analytics)<\/td><\/tr><tr class=\"cookielawinfo-row\"><td class=\"cookielawinfo-column-1\">_gid<\/td><td class=\"cookielawinfo-column-3\">2 d\u00edas<\/td><td class=\"cookielawinfo-column-4\">Cookie que sirve para recopilar informaci\u00f3n de forma an\u00f3nima y elaborar informes de tendencias de la web sin identificar a usuarios individuales. (Google analytics)<\/td><\/tr><tr class=\"cookielawinfo-row\"><td class=\"cookielawinfo-column-1\">VISITOR_INFO1_LIVE<\/td><td class=\"cookielawinfo-column-3\">6 mesos<\/td><td class=\"cookielawinfo-column-4\">Youtube configura aquesta galeta per fer un seguiment de les prefer\u00e8ncies dels usuaris dels v\u00eddeos de Youtube incrustats als llocs; tamb\u00e9 pot determinar si el visitant del lloc web est\u00e0 utilitzant la versi\u00f3 nova o antiga de la interf\u00edcie de Youtube.<\/td><\/tr><tr class=\"cookielawinfo-row\"><td class=\"cookielawinfo-column-1\">YSC<\/td><td class=\"cookielawinfo-column-3\">sessi\u00f3<\/td><td class=\"cookielawinfo-column-4\">Youtube estableix aquesta galeta per fer un seguiment de les visualitzacions dels v\u00eddeos incrustats a les p\u00e0gines de Youtube.<\/td><\/tr><\/tbody><\/table>\n<p><strong><i>Funcionales<\/i><\/strong>: Son las cookies que ayudan a ciertas funcionalidades no esenciales en nuestro sitio web. Estas funcionalidades incluyen incrustar contenido como videos o compartir contenido del sitio web en plataformas de redes sociales.<\/p>\n<p><strong><i>Preferencias<\/i><\/strong>: estas cookies nos ayudan a almacenar su configuraci\u00f3n y preferencias de navegaci\u00f3n, como las preferencias de idioma, para que tenga una experiencia mejor y m\u00e1s eficiente en futuras visitas al sitio web.<\/p>\n<p>&nbsp;<\/p>\n<p>&nbsp;<\/p>\n<h3><strong>\u00bfC\u00f3mo puedo controlar las preferencias de las cookies?<\/strong><\/h3>\n<p>Si decide cambiar sus preferencias m\u00e1s adelante a trav\u00e9s de su sesi\u00f3n de navegaci\u00f3n, puede hacer clic en la pesta\u00f1a \u00abPol\u00edtica de privacidad y cookies\u00bb en su pantalla. Esto mostrar\u00e1 el aviso de consentimiento nuevamente, lo que le permitir\u00e1 cambiar sus preferencias o retirar su consentimiento por completo.<\/p>\n<p>Adem\u00e1s de esto, diferentes navegadores proporcionan diferentes m\u00e9todos para bloquear y eliminar las cookies utilizadas por los sitios web. Puede cambiar la configuraci\u00f3n de su navegador para bloquear \/ eliminar las cookies. Para obtener m\u00e1s informaci\u00f3n sobre c\u00f3mo administrar y eliminar cookies, visite wikipedia.org, www.allaboutcookies.org.<\/p>\n\t\t<\/div>\n\t\t\t\t\t<\/div>\n\n\t\n<\/div>\n","protected":false},"excerpt":{"rendered":"","protected":false},"author":1,"featured_media":0,"parent":0,"menu_order":0,"comment_status":"closed","ping_status":"closed","template":"","meta":{"footnotes":""},"class_list":["post-20119","page","type-page","status-publish","hentry"],"_links":{"self":[{"href":"https:\/\/ginesifill.es\/es\/wp-json\/wp\/v2\/pages\/20119"}],"collection":[{"href":"https:\/\/ginesifill.es\/es\/wp-json\/wp\/v2\/pages"}],"about":[{"href":"https:\/\/ginesifill.es\/es\/wp-json\/wp\/v2\/types\/page"}],"author":[{"embeddable":true,"href":"https:\/\/ginesifill.es\/es\/wp-json\/wp\/v2\/users\/1"}],"replies":[{"embeddable":true,"href":"https:\/\/ginesifill.es\/es\/wp-json\/wp\/v2\/comments?post=20119"}],"version-history":[{"count":10,"href":"https:\/\/ginesifill.es\/es\/wp-json\/wp\/v2\/pages\/20119\/revisions"}],"predecessor-version":[{"id":50602,"href":"https:\/\/ginesifill.es\/es\/wp-json\/wp\/v2\/pages\/20119\/revisions\/50602"}],"wp:attachment":[{"href":"https:\/\/ginesifill.es\/es\/wp-json\/wp\/v2\/media?parent=20119"}],"curies":[{"name":"wp","href":"https:\/\/api.w.org\/{rel}","templated":true}]}}